{"id":6664,"date":"2024-03-28T18:52:43","date_gmt":"2024-03-28T18:52:43","guid":{"rendered":"https:\/\/fasic.cl\/wp\/?page_id=6664"},"modified":"2026-02-06T16:32:54","modified_gmt":"2026-02-06T16:32:54","slug":"transparencia","status":"publish","type":"page","link":"http:\/\/fasic.cl\/wp\/transparencia\/","title":{"rendered":"Transparencia"},"content":{"rendered":"[vc_row][vc_column][vc_column_text]<a href=\"http:\/\/fasic.cl\/wp\/wp-content\/uploads\/2024\/11\/TRANSPARENCIA.png\"><img class=\"aligncenter size-large wp-image-6960\" src=\"http:\/\/fasic.cl\/wp\/wp-content\/uploads\/2024\/11\/TRANSPARENCIA-1024x379.png\" alt=\"\" width=\"960\" height=\"355\" \/><\/a>\r\n\r\n&nbsp;\r\n<p style=\"text-align: center;\"><span style=\"font-size: 18pt; font-family: 'arial black', sans-serif;\"><strong>MISI\u00d3N INSTITUCIONAL<\/strong><\/span><\/p>\r\n\r\n\r\n<hr \/>\r\n<p style=\"text-align: justify;\"><span style=\"font-family: 'trebuchet ms', geneva, sans-serif; color: #000000;\"><strong>FASIC<\/strong> define su misi\u00f3n como la promoci\u00f3n y defensa de los Derechos Humanos universales,<\/span>\r\n<span style=\"font-family: 'trebuchet ms', geneva, sans-serif; color: #000000;\">inspirados en el compromiso cristiano por la libertad y dignidad de las personas.<\/span>\r\n<span style=\"font-family: 'trebuchet ms', geneva, sans-serif; color: #000000;\">Su objetivo general es contribuir al fortalecimiento de la democracia sobre la base de la<\/span>\r\n<span style=\"font-family: 'trebuchet ms', geneva, sans-serif; color: #000000;\">promoci\u00f3n y defensa de los Derechos Humanos Universales.<\/span>\r\n<span style=\"font-family: 'trebuchet ms', geneva, sans-serif; color: #000000;\">Con este prop\u00f3sito se plantea, de acuerdo a las posibilidades institucionales, la consecuci\u00f3n de los<\/span>\r\n<span style=\"font-family: 'trebuchet ms', geneva, sans-serif; color: #000000;\">siguientes objetivos espec\u00edficos.<\/span><\/p>\r\n\r\n<ol>\r\n \t<li style=\"text-align: left;\"><span style=\"color: #333399;\"><em><span style=\"font-family: arial, helvetica, sans-serif;\">Promover y defender los derechos humanos civiles, pol\u00edticos, econ\u00f3micos, sociales,<\/span><\/em><\/span>\r\n<span style=\"color: #333399;\"><em><span style=\"font-family: arial, helvetica, sans-serif;\">culturales y ambientales en el contexto del desarrollo democr\u00e1tico.<\/span><\/em><\/span><\/li>\r\n \t<li style=\"text-align: left;\"><span style=\"color: #333399;\"><em><span style=\"font-family: arial, helvetica, sans-serif;\">Contribuir a la b\u00fasqueda de verdad y justicia en todo caso de violaci\u00f3n a los derechos<\/span><\/em><\/span>\r\n<span style=\"color: #333399;\"><em><span style=\"font-family: arial, helvetica, sans-serif;\">humanos.<\/span><\/em><\/span><\/li>\r\n \t<li><span style=\"color: #333399;\"><em><span style=\"font-family: arial, helvetica, sans-serif;\">Contribuir al mejoramiento de las condiciones y calidad de vida de las personas.<\/span><\/em><\/span><\/li>\r\n \t<li style=\"text-align: left;\"><span style=\"color: #333399;\"><em><span style=\"font-family: arial, helvetica, sans-serif;\">Denunciar y reaccionar frente a trasgresiones de los derechos civiles, sociales, econ\u00f3micos<\/span><\/em><\/span>\r\n<span style=\"color: #333399;\"><em><span style=\"font-family: arial, helvetica, sans-serif;\">y culturales, con la participaci\u00f3n de los programas que correspondan.<\/span><\/em><\/span><\/li>\r\n \t<li style=\"text-align: left;\"><span style=\"color: #333399;\"><em><span style=\"font-family: arial, helvetica, sans-serif;\">Contribuir a la asistencia de personas, familiares y grupos afectados por transgresiones a<\/span><\/em><\/span>\r\n<span style=\"color: #333399;\"><em><span style=\"font-family: arial, helvetica, sans-serif;\">sus Derechos Humanos, tales como j\u00f3venes, mujeres migrantes, refugiado y minor\u00edas<\/span><\/em><\/span>\r\n<span style=\"color: #333399;\"><em><span style=\"font-family: arial, helvetica, sans-serif;\">discriminatorias.<\/span><\/em><\/span><\/li>\r\n \t<li style=\"text-align: left;\"><span style=\"color: #333399;\"><em><span style=\"font-family: arial, helvetica, sans-serif;\">Promover la educaci\u00f3n de derechos humanos a trav\u00e9s del desarrollo de los programas a la<\/span><\/em><\/span>\r\n<span style=\"color: #333399;\"><em><span style=\"font-family: arial, helvetica, sans-serif;\">acci\u00f3n institucional.<\/span><\/em><\/span><\/li>\r\n \t<li style=\"text-align: left;\"><span style=\"color: #333399;\"><em><span style=\"font-family: arial, helvetica, sans-serif;\">Elaborar propuestas para contribuir a modificar el marco jur\u00eddico que limita el ejercicio de<\/span><\/em><\/span>\r\n<span style=\"color: #333399;\"><em><span style=\"font-family: arial, helvetica, sans-serif;\">los derechos humanos.<\/span><\/em><\/span><\/li>\r\n \t<li style=\"text-align: left;\"><span style=\"color: #333399;\"><em><span style=\"font-family: arial, helvetica, sans-serif;\">Representar la voz \u00e9tica y moral en el tema de los derechos humanos, desde una posici\u00f3n<\/span><\/em><\/span>\r\n<span style=\"color: #333399;\"><em><span style=\"font-family: arial, helvetica, sans-serif;\">de plena independencia.<\/span><\/em><\/span><\/li>\r\n<\/ol>\r\n\r\n<hr \/>\r\n\r\n<span style=\"text-decoration: underline; font-family: 'trebuchet ms', geneva, sans-serif; color: #000000; font-size: 14pt;\"><strong>Documentos Legales<\/strong><\/span>\r\n<ul>\r\n \t<li><span style=\"font-family: 'trebuchet ms', geneva, sans-serif;\"><a href=\"https:\/\/www.fasic.cl\/wp\/transparenciadocs\/cert_directorio.pdf\" target=\"_blank\" rel=\"noopener\">Certificado de directorio de persona jur\u00eddica sin fines de lucro<\/a><\/span><\/li>\r\n \t<li><span style=\"font-family: 'trebuchet ms', geneva, sans-serif;\"><a href=\"https:\/\/www.fasic.cl\/wp\/transparenciadocs\/cert_vigencia.pdf\" target=\"_blank\" rel=\"noopener\">Certificado de vigencia de persona jur\u00eddica sin fines de lucro<\/a><\/span><\/li>\r\n<\/ul>\r\n\r\n<hr \/>\r\n\r\n<span style=\"text-decoration: underline; color: #000000;\"><strong><span style=\"font-family: 'trebuchet ms', geneva, sans-serif; font-size: 14pt;\">2025<\/span><\/strong><\/span>\r\n<ul>\r\n \t<li><span style=\"font-family: 'trebuchet ms', geneva, sans-serif;\"><a href=\"http:\/\/fasic.cl\/wp\/wp-content\/uploads\/2025\/09\/Convenio-Albergue-Penuelas-2025.pdf\" target=\"_blank\" rel=\"noopener\">Convenio \"PROGRAMA NOCHE DIGNA, COMPONENTE 1: PLAN PROTEGE CALLE, Albergue Pe\u00f1uelas, FASIC Antofagasta 2025<\/a><\/span><\/li>\r\n \t<li><a href=\"http:\/\/fasic.cl\/wp\/wp-content\/uploads\/2025\/09\/Convenio-Albergue-Licanten-2024.pdf\" target=\"_blank\" rel=\"noopener\"><span style=\"font-family: 'trebuchet ms', geneva, sans-serif;\">Convenio \"PROGRAMA NOCHE DIGNA, COMPONENTE 1: PLAN PROTEGE CALLE\", Albergue Licanten, FASIC Antofagasta 2025<\/span><\/a><\/li>\r\n \t<li><span style=\"font-family: 'trebuchet ms', geneva, sans-serif;\"><a title=\"Resoluci\u00f3n Convenio Albergue Programa noche Digna 2025\" href=\"http:\/\/fasic.cl\/wp\/wp-content\/uploads\/2025\/07\/rex-aprueba-convenio-fasic-albergues-Iquique_compressed-2.pdf\" target=\"_blank\" rel=\"noopener\">Convenio \"PROGRAMA NOCHE DIGNA: COMPONENTE 1: PLAN PROTEGE CALLE, FASIC Iquique 2025<\/a><\/span><\/li>\r\n \t<li><span style=\"font-family: 'trebuchet ms', geneva, sans-serif;\"><a title=\"Convenio &quot;PROGRAMA NOCHE DIGNA&quot; Albergue Protege Calle, Antofagasta\" href=\"http:\/\/fasic.cl\/wp\/wp-content\/uploads\/2026\/02\/Convenio-Albergue-Protege-1.pdf\" target=\"_blank\" rel=\"noopener\">Convenio \"PROGRAMA NOCHE DIGNA\" Albergue Protege Calle, Antofagasta<\/a><\/span><\/li>\r\n \t<li><span style=\"font-family: 'trebuchet ms', geneva, sans-serif;\"><a href=\"http:\/\/fasic.cl\/wp\/wp-content\/uploads\/2026\/02\/Convenio-Residencia-nueva-1.pdf\" target=\"_blank\" rel=\"noopener\">Convenio \"PROGRAMA NOCHE DIGNA\" Componente 2, Nueva Residencia Antofagasta<\/a><\/span><\/li>\r\n \t<li><span style=\"font-family: 'trebuchet ms', geneva, sans-serif;\"><a href=\"http:\/\/fasic.cl\/wp\/wp-content\/uploads\/2026\/02\/Convenio-1.pdf\" target=\"_blank\" rel=\"noopener\">Convenio \"PROGRAMA NOCHE DIGNA\" Componente 2, Centros Temporales para la Superaci\u00f3n, Tarapac\u00e1.<\/a><\/span><\/li>\r\n<\/ul>\r\n\r\n<hr \/>\r\n<p style=\"text-align: left;\"><span style=\"text-decoration: underline; font-family: 'trebuchet ms', geneva, sans-serif; color: #000000;\"><span style=\"font-size: 14pt;\"><strong>2024:<\/strong><\/span><\/span><\/p>\r\n\r\n<ul>\r\n \t<li><span style=\"font-family: 'trebuchet ms', geneva, sans-serif;\"><a href=\"http:\/\/fasic.cl\/wp\/wp-content\/uploads\/2024\/11\/FFOP-2024-CONVENIO-DE-TRANSFERENCIA-FASIC.pdf\">FFOP 2024, Convenio de transferencia FASIC<\/a><\/span><\/li>\r\n \t<li><span style=\"font-family: 'trebuchet ms', geneva, sans-serif;\"><a href=\"http:\/\/fasic.cl\/wp\/wp-content\/uploads\/2024\/11\/CONVENIO-DE-TRANSFERENCIA-PROGRAMA-VIVIR-MEJOR-2024-FASIC-ARICA_compressed_compressed.pdf\">Convenio de transferencia, programa Vivir Mejor 2024, FASIC ARICA.<\/a><\/span><\/li>\r\n \t<li><span style=\"font-family: 'trebuchet ms', geneva, sans-serif;\"><a href=\"https:\/\/www.fasic.cl\/wp\/transparenciadocs\/aprueba_convenio_psm_2024.pdf\" target=\"_blank\" rel=\"noopener\">Aprueba convenio de transferencia de recursos SNPC y FASIC dentro de la convocatoria Programa Sitios de Memoria 2024<\/a><\/span><\/li>\r\n \t<li><span style=\"font-family: 'trebuchet ms', geneva, sans-serif;\"><a href=\"https:\/\/www.fasic.cl\/wp\/transparenciadocs\/convenio_psm_2024.pdf\" target=\"_blank\" rel=\"noopener\">Convenio de transferencia de recursos SNPC y FASIC dentro de la convocatoria Programa Sitios de Memoria 2024<\/a><\/span><\/li>\r\n \t<li><span style=\"font-family: 'trebuchet ms', geneva, sans-serif;\"><a href=\"http:\/\/fasic.cl\/wp\/wp-content\/uploads\/2025\/09\/Convenio-Albergue-Penuelas-2024.pdf\" target=\"_blank\" rel=\"noopener\">Convenio \"PROGRAMA NOCHE DIGNA, COMPONENTE 1: PLAN PROTEGE CALLE\", Albergue Pe\u00f1uelas, FASIC Antofagasta 2024<\/a><\/span><\/li>\r\n \t<li><span style=\"font-family: 'trebuchet ms', geneva, sans-serif;\"><a href=\"https:\/\/www.fasic.cl\/wp\/transparenciadocs\/ingreso_psm_2024.pdf\" target=\"_blank\" rel=\"noopener\">Comprobante de ingreso Programa de Sitios de Memoria 2024 <\/a><\/span><\/li>\r\n \t<li><span style=\"font-family: 'trebuchet ms', geneva, sans-serif;\"><a href=\"https:\/\/www.fasic.cl\/wp\/transparenciadocs\/equipo_trabajo.pdf\" target=\"_blank\" rel=\"noopener\">20250129_REX-N\u00b00105_Aprueba-informes-finales-de-planes-instruye-ejecutar-bianualidad-de-convenios-de-colaboracion-y-reajusta-montos<\/a><\/span><\/li>\r\n<\/ul>\r\n\r\n<hr \/>\r\n\r\n<span style=\"text-decoration: underline; color: #000000;\"><strong><span style=\"font-family: 'trebuchet ms', geneva, sans-serif; font-size: 14pt;\">Otros de la instituci\u00f3n<\/span><\/strong><\/span>\r\n<ul>\r\n \t<li><span style=\"font-family: 'trebuchet ms', geneva, sans-serif;\"><a href=\"http:\/\/fasic.cl\/wp\/wp-content\/uploads\/2024\/11\/MEMORIA-FASIC-2023_compressed.pdf\">Memoria FASIC 2023<\/a><\/span><\/li>\r\n \t<li><span style=\"font-family: 'trebuchet ms', geneva, sans-serif;\"><a href=\"http:\/\/fasic.cl\/wp\/wp-content\/uploads\/2024\/11\/BALANCE-2023-FASIC.pdf\">Balance FASIC 2023<\/a><\/span><\/li>\r\n \t<li><span style=\"font-family: 'trebuchet ms', geneva, sans-serif;\"><a title=\"Convenio Residencia Familiar Programa Noche Digna Antofagasta, FASIC 2023\" href=\"http:\/\/fasic.cl\/wp\/wp-content\/uploads\/2025\/09\/Convenio-Residencia-Familiar.pdf\" target=\"_blank\" rel=\"noopener\">Convenio \u201cPROGRAMA NOCHE DIGNA, COMPONENTE 2: CENTROS TEMPORALES PARA LA SUPERACI\u00d3N, FASIC 2023<\/a><\/span><\/li>\r\n \t<li><\/li>\r\n<\/ul>\r\n[\/vc_column_text][\/vc_column][\/vc_row]","protected":false},"excerpt":{"rendered":"<p>[vc_row][vc_column][vc_column_text] &nbsp; MISI\u00d3N INSTITUCIONAL FASIC define su misi\u00f3n como la promoci\u00f3n y defensa de los Derechos Humanos universales, inspirados en el compromiso cristiano por la libertad y dignidad de las personas. Su objetivo general es contribuir al fortalecimiento de la democracia sobre la base de la promoci\u00f3n y defensa de los Derechos Humanos Universales. Con [&hellip;]<\/p>\n","protected":false},"author":1,"featured_media":0,"parent":0,"menu_order":0,"comment_status":"closed","ping_status":"closed","template":"","meta":[],"categories":[],"tags":[],"aioseo_notices":[],"_links":{"self":[{"href":"http:\/\/fasic.cl\/wp\/wp-json\/wp\/v2\/pages\/6664"}],"collection":[{"href":"http:\/\/fasic.cl\/wp\/wp-json\/wp\/v2\/pages"}],"about":[{"href":"http:\/\/fasic.cl\/wp\/wp-json\/wp\/v2\/types\/page"}],"author":[{"embeddable":true,"href":"http:\/\/fasic.cl\/wp\/wp-json\/wp\/v2\/users\/1"}],"replies":[{"embeddable":true,"href":"http:\/\/fasic.cl\/wp\/wp-json\/wp\/v2\/comments?post=6664"}],"version-history":[{"count":28,"href":"http:\/\/fasic.cl\/wp\/wp-json\/wp\/v2\/pages\/6664\/revisions"}],"predecessor-version":[{"id":7568,"href":"http:\/\/fasic.cl\/wp\/wp-json\/wp\/v2\/pages\/6664\/revisions\/7568"}],"wp:attachment":[{"href":"http:\/\/fasic.cl\/wp\/wp-json\/wp\/v2\/media?parent=6664"}],"wp:term":[{"taxonomy":"category","embeddable":true,"href":"http:\/\/fasic.cl\/wp\/wp-json\/wp\/v2\/categories?post=6664"},{"taxonomy":"post_tag","embeddable":true,"href":"http:\/\/fasic.cl\/wp\/wp-json\/wp\/v2\/tags?post=6664"}],"curies":[{"name":"wp","href":"https:\/\/api.w.org\/{rel}","templated":true}]}}